{"id":415,"date":"2025-01-15T14:43:04","date_gmt":"2025-01-15T13:43:04","guid":{"rendered":"https:\/\/beta.tauchunternehmung.ch\/stephany-wild-ag-2\/"},"modified":"2025-01-16T11:42:18","modified_gmt":"2025-01-16T10:42:18","slug":"stephany-wild-ag-2","status":"publish","type":"page","link":"https:\/\/beta.tauchunternehmung.ch\/fr\/","title":{"rendered":"STEPHANY + Wild AG"},"content":{"rendered":"\t\t<div data-elementor-type=\"wp-page\" data-elementor-id=\"415\" class=\"elementor elementor-415 elementor-362\" data-elementor-post-type=\"page\">\n\t\t\t\t<div class=\"elementor-element elementor-element-44e9f76 e-con-full e-flex e-con e-parent\" data-id=\"44e9f76\" data-element_type=\"container\" data-e-type=\"container\" id=\"top\" data-settings=\"{&quot;background_background&quot;:&quot;video&quot;,&quot;shape_divider_bottom&quot;:&quot;waves&quot;,&quot;background_video_link&quot;:&quot;https:\\\/\\\/youtu.be\\\/9LCzzaYY5w0&quot;,&quot;background_play_on_mobile&quot;:&quot;yes&quot;}\">\n\t\t<div class=\"elementor-background-video-container\">\n\t\t\t\t\t\t\t<div class=\"elementor-background-video-embed\" role=\"presentation\"><\/div>\n\t\t\t\t\t\t<\/div>\t\t<div class=\"elementor-shape elementor-shape-bottom\" aria-hidden=\"true\" data-negative=\"false\">\n\t\t\t<svg xmlns=\"http:\/\/www.w3.org\/2000\/svg\" viewBox=\"0 0 1000 100\" preserveAspectRatio=\"none\">\n\t<path class=\"elementor-shape-fill\" d=\"M421.9,6.5c22.6-2.5,51.5,0.4,75.5,5.3c23.6,4.9,70.9,23.5,100.5,35.7c75.8,32.2,133.7,44.5,192.6,49.7\n\tc23.6,2.1,48.7,3.5,103.4-2.5c54.7-6,106.2-25.6,106.2-25.6V0H0v30.3c0,0,72,32.6,158.4,30.5c39.2-0.7,92.8-6.7,134-22.4\n\tc21.2-8.1,52.2-18.2,79.7-24.2C399.3,7.9,411.6,7.5,421.9,6.5z\"\/>\n<\/svg>\t\t<\/div>\n\t\t<div class=\"elementor-element elementor-element-c22592d e-con-full e-flex e-con e-child\" data-id=\"c22592d\" data-element_type=\"container\" data-e-type=\"container\">\n\t\t\t\t<div class=\"elementor-element elementor-element-7f50c5f elementor-view-stacked elementor-widget__width-initial elementor-fixed elementor-widget-mobile__width-auto elementor-shape-circle elementor-widget elementor-widget-icon\" data-id=\"7f50c5f\" data-element_type=\"widget\" data-e-type=\"widget\" data-settings=\"{&quot;motion_fx_motion_fx_scrolling&quot;:&quot;yes&quot;,&quot;motion_fx_opacity_effect&quot;:&quot;yes&quot;,&quot;motion_fx_opacity_range&quot;:{&quot;unit&quot;:&quot;%&quot;,&quot;size&quot;:&quot;&quot;,&quot;sizes&quot;:{&quot;start&quot;:0,&quot;end&quot;:49}},&quot;_position&quot;:&quot;fixed&quot;,&quot;motion_fx_range&quot;:&quot;viewport&quot;,&quot;motion_fx_opacity_direction&quot;:&quot;out-in&quot;,&quot;motion_fx_opacity_level&quot;:{&quot;unit&quot;:&quot;px&quot;,&quot;size&quot;:10,&quot;sizes&quot;:[]},&quot;motion_fx_devices&quot;:[&quot;desktop&quot;,&quot;tablet&quot;,&quot;mobile&quot;]}\" data-widget_type=\"icon.default\">\n\t\t\t\t<div class=\"elementor-widget-container\">\n\t\t\t\t\t\t\t<div class=\"elementor-icon-wrapper\">\n\t\t\t<a class=\"elementor-icon elementor-animation-pulse\" href=\"mailto:info@tauchunternehmung.ch\">\n\t\t\t<svg aria-hidden=\"true\" class=\"e-font-icon-svg e-fas-envelope\" viewBox=\"0 0 512 512\" xmlns=\"http:\/\/www.w3.org\/2000\/svg\"><path d=\"M502.3 190.8c3.9-3.1 9.7-.2 9.7 4.7V400c0 26.5-21.5 48-48 48H48c-26.5 0-48-21.5-48-48V195.6c0-5 5.7-7.8 9.7-4.7 22.4 17.4 52.1 39.5 154.1 113.6 21.1 15.4 56.7 47.8 92.2 47.6 35.7.3 72-32.8 92.3-47.6 102-74.1 131.6-96.3 154-113.7zM256 320c23.2.4 56.6-29.2 73.4-41.4 132.7-96.3 142.8-104.7 173.4-128.7 5.8-4.5 9.2-11.5 9.2-18.9v-19c0-26.5-21.5-48-48-48H48C21.5 64 0 85.5 0 112v19c0 7.4 3.4 14.3 9.2 18.9 30.6 23.9 40.7 32.4 173.4 128.7 16.8 12.2 50.2 41.8 73.4 41.4z\"><\/path><\/svg>\t\t\t<\/a>\n\t\t<\/div>\n\t\t\t\t\t\t<\/div>\n\t\t\t\t<\/div>\n\t\t\t\t<div class=\"elementor-element elementor-element-f66fd1e elementor-view-stacked elementor-widget__width-initial elementor-fixed elementor-widget-mobile__width-auto elementor-shape-circle elementor-widget elementor-widget-icon\" data-id=\"f66fd1e\" data-element_type=\"widget\" data-e-type=\"widget\" data-settings=\"{&quot;motion_fx_motion_fx_scrolling&quot;:&quot;yes&quot;,&quot;motion_fx_opacity_effect&quot;:&quot;yes&quot;,&quot;motion_fx_opacity_range&quot;:{&quot;unit&quot;:&quot;%&quot;,&quot;size&quot;:&quot;&quot;,&quot;sizes&quot;:{&quot;start&quot;:0,&quot;end&quot;:49}},&quot;_position&quot;:&quot;fixed&quot;,&quot;motion_fx_range&quot;:&quot;viewport&quot;,&quot;motion_fx_opacity_direction&quot;:&quot;out-in&quot;,&quot;motion_fx_opacity_level&quot;:{&quot;unit&quot;:&quot;px&quot;,&quot;size&quot;:10,&quot;sizes&quot;:[]},&quot;motion_fx_devices&quot;:[&quot;desktop&quot;,&quot;tablet&quot;,&quot;mobile&quot;]}\" data-widget_type=\"icon.default\">\n\t\t\t\t<div class=\"elementor-widget-container\">\n\t\t\t\t\t\t\t<div class=\"elementor-icon-wrapper\">\n\t\t\t<a class=\"elementor-icon elementor-animation-pulse\" href=\"#top\">\n\t\t\t<svg aria-hidden=\"true\" class=\"e-font-icon-svg e-fas-arrow-alt-circle-up\" viewBox=\"0 0 512 512\" xmlns=\"http:\/\/www.w3.org\/2000\/svg\"><path d=\"M8 256C8 119 119 8 256 8s248 111 248 248-111 248-248 248S8 393 8 256zm292 116V256h70.9c10.7 0 16.1-13 8.5-20.5L264.5 121.2c-4.7-4.7-12.2-4.7-16.9 0l-115 114.3c-7.6 7.6-2.2 20.5 8.5 20.5H212v116c0 6.6 5.4 12 12 12h64c6.6 0 12-5.4 12-12z\"><\/path><\/svg>\t\t\t<\/a>\n\t\t<\/div>\n\t\t\t\t\t\t<\/div>\n\t\t\t\t<\/div>\n\t\t\t\t<\/div>\n\t\t<div class=\"elementor-element elementor-element-c23602f e-con-full e-flex e-con e-child\" data-id=\"c23602f\" data-element_type=\"container\" data-e-type=\"container\">\n\t\t\t\t<div class=\"elementor-element elementor-element-a8b3122 elementor-widget elementor-widget-image\" data-id=\"a8b3122\" data-element_type=\"widget\" data-e-type=\"widget\" data-settings=\"{&quot;motion_fx_motion_fx_scrolling&quot;:&quot;yes&quot;,&quot;motion_fx_translateY_effect&quot;:&quot;yes&quot;,&quot;motion_fx_translateY_speed&quot;:{&quot;unit&quot;:&quot;px&quot;,&quot;size&quot;:2,&quot;sizes&quot;:[]},&quot;_animation&quot;:&quot;none&quot;,&quot;motion_fx_translateY_affectedRange&quot;:{&quot;unit&quot;:&quot;%&quot;,&quot;size&quot;:&quot;&quot;,&quot;sizes&quot;:{&quot;start&quot;:0,&quot;end&quot;:100}},&quot;motion_fx_devices&quot;:[&quot;desktop&quot;,&quot;tablet&quot;,&quot;mobile&quot;]}\" data-widget_type=\"image.default\">\n\t\t\t\t<div class=\"elementor-widget-container\">\n\t\t\t\t\t\t\t\t\t\t\t\t\t\t\t<img fetchpriority=\"high\" decoding=\"async\" width=\"512\" height=\"512\" src=\"https:\/\/beta.tauchunternehmung.ch\/wp-content\/uploads\/2025\/01\/stephany_und_wild_ag_icon_blau_512x512px.jpg\" class=\"attachment-full size-full wp-image-228\" alt=\"\" srcset=\"https:\/\/beta.tauchunternehmung.ch\/wp-content\/uploads\/2025\/01\/stephany_und_wild_ag_icon_blau_512x512px.jpg 512w, https:\/\/beta.tauchunternehmung.ch\/wp-content\/uploads\/2025\/01\/stephany_und_wild_ag_icon_blau_512x512px-300x300.jpg 300w, https:\/\/beta.tauchunternehmung.ch\/wp-content\/uploads\/2025\/01\/stephany_und_wild_ag_icon_blau_512x512px-150x150.jpg 150w\" sizes=\"(max-width: 512px) 100vw, 512px\" \/>\t\t\t\t\t\t\t\t\t\t\t\t\t\t\t<\/div>\n\t\t\t\t<\/div>\n\t\t\t\t<\/div>\n\t\t\t\t<\/div>\n\t\t<div class=\"elementor-element elementor-element-6c902a2 e-flex e-con-boxed e-con e-parent\" data-id=\"6c902a2\" data-element_type=\"container\" data-e-type=\"container\" id=\"willkommen\" data-settings=\"{&quot;background_background&quot;:&quot;classic&quot;}\">\n\t\t\t\t\t<div class=\"e-con-inner\">\n\t\t<div class=\"elementor-element elementor-element-72cf8db e-con-full e-flex e-con e-child\" data-id=\"72cf8db\" data-element_type=\"container\" data-e-type=\"container\">\n\t\t\t\t<div class=\"elementor-element elementor-element-35cb985 elementor-widget elementor-widget-image\" data-id=\"35cb985\" data-element_type=\"widget\" data-e-type=\"widget\" data-settings=\"{&quot;motion_fx_translateY_effect&quot;:&quot;yes&quot;,&quot;motion_fx_translateY_speed&quot;:{&quot;unit&quot;:&quot;px&quot;,&quot;size&quot;:2,&quot;sizes&quot;:[]},&quot;motion_fx_motion_fx_scrolling&quot;:&quot;yes&quot;,&quot;motion_fx_translateY_affectedRange&quot;:{&quot;unit&quot;:&quot;%&quot;,&quot;size&quot;:&quot;&quot;,&quot;sizes&quot;:{&quot;start&quot;:0,&quot;end&quot;:100}},&quot;motion_fx_devices&quot;:[&quot;desktop&quot;,&quot;tablet&quot;,&quot;mobile&quot;]}\" data-widget_type=\"image.default\">\n\t\t\t\t<div class=\"elementor-widget-container\">\n\t\t\t\t\t\t\t\t\t\t\t\t\t\t\t<img decoding=\"async\" width=\"960\" height=\"960\" src=\"https:\/\/beta.tauchunternehmung.ch\/wp-content\/uploads\/2025\/01\/stephany_und_wild_ag_unterwassertaucharbeiten_main_01.jpg\" class=\"attachment-full size-full wp-image-162\" alt=\"Seit 1972 ist die Firma Stephany + Wild AG, Basel, in der Schweiz und im benachbarten Ausland mit Unterwassertaucharbeiten t\u00e4tig\" srcset=\"https:\/\/beta.tauchunternehmung.ch\/wp-content\/uploads\/2025\/01\/stephany_und_wild_ag_unterwassertaucharbeiten_main_01.jpg 960w, https:\/\/beta.tauchunternehmung.ch\/wp-content\/uploads\/2025\/01\/stephany_und_wild_ag_unterwassertaucharbeiten_main_01-300x300.jpg 300w, https:\/\/beta.tauchunternehmung.ch\/wp-content\/uploads\/2025\/01\/stephany_und_wild_ag_unterwassertaucharbeiten_main_01-150x150.jpg 150w, https:\/\/beta.tauchunternehmung.ch\/wp-content\/uploads\/2025\/01\/stephany_und_wild_ag_unterwassertaucharbeiten_main_01-768x768.jpg 768w\" sizes=\"(max-width: 960px) 100vw, 960px\" \/>\t\t\t\t\t\t\t\t\t\t\t\t\t\t\t<\/div>\n\t\t\t\t<\/div>\n\t\t\t\t<\/div>\n\t\t<div class=\"elementor-element elementor-element-2c55bad e-con-full e-flex e-con e-child\" data-id=\"2c55bad\" data-element_type=\"container\" data-e-type=\"container\">\n\t\t\t\t<div class=\"elementor-element elementor-element-036a343 elementor-widget elementor-widget-heading\" data-id=\"036a343\" data-element_type=\"widget\" data-e-type=\"widget\" data-widget_type=\"heading.default\">\n\t\t\t\t<div class=\"elementor-widget-container\">\n\t\t\t\t\t<h2 class=\"elementor-heading-title elementor-size-default\">Bienvenue<\/h2>\t\t\t\t<\/div>\n\t\t\t\t<\/div>\n\t\t\t\t<div class=\"elementor-element elementor-element-3ab1962 elementor-widget elementor-widget-text-editor\" data-id=\"3ab1962\" data-element_type=\"widget\" data-e-type=\"widget\" data-widget_type=\"text-editor.default\">\n\t\t\t\t<div class=\"elementor-widget-container\">\n\t\t\t\t\t\t\t\t\t<p>Depuis 1972, la soci\u00e9t\u00e9 Stephany + Wild AG, B\u00e2le, est active dans le domaine des travaux sous-marins en Suisse et dans les pays voisins.<\/p>\n<p>Nos travaux sous-marins : inspection, compte-rendu, photo\/vid\u00e9o, per\u00e7age, coupage, d\u00e9coupage, soudage, nettoyage, coffrage, b\u00e9tonnage, renflouage, colmatage de voies d\u2019eau, mesures d\u2019\u00e9paisseur, \u00e9laborer des propositions de solutions.<\/p>\n\t\t\t\t\t\t\t\t<\/div>\n\t\t\t\t<\/div>\n\t\t\t\t<\/div>\n\t\t\t\t\t<\/div>\n\t\t\t\t<\/div>\n\t\t<div class=\"elementor-element elementor-element-627bbd1 e-flex e-con-boxed e-con e-parent\" data-id=\"627bbd1\" data-element_type=\"container\" data-e-type=\"container\" id=\"untersuchung\" data-settings=\"{&quot;background_background&quot;:&quot;classic&quot;,&quot;shape_divider_top&quot;:&quot;waves&quot;,&quot;shape_divider_bottom&quot;:&quot;waves&quot;}\">\n\t\t\t\t\t<div class=\"e-con-inner\">\n\t\t\t\t<div class=\"elementor-shape elementor-shape-top\" aria-hidden=\"true\" data-negative=\"false\">\n\t\t\t<svg xmlns=\"http:\/\/www.w3.org\/2000\/svg\" viewBox=\"0 0 1000 100\" preserveAspectRatio=\"none\">\n\t<path class=\"elementor-shape-fill\" d=\"M421.9,6.5c22.6-2.5,51.5,0.4,75.5,5.3c23.6,4.9,70.9,23.5,100.5,35.7c75.8,32.2,133.7,44.5,192.6,49.7\n\tc23.6,2.1,48.7,3.5,103.4-2.5c54.7-6,106.2-25.6,106.2-25.6V0H0v30.3c0,0,72,32.6,158.4,30.5c39.2-0.7,92.8-6.7,134-22.4\n\tc21.2-8.1,52.2-18.2,79.7-24.2C399.3,7.9,411.6,7.5,421.9,6.5z\"\/>\n<\/svg>\t\t<\/div>\n\t\t\t\t<div class=\"elementor-shape elementor-shape-bottom\" aria-hidden=\"true\" data-negative=\"false\">\n\t\t\t<svg xmlns=\"http:\/\/www.w3.org\/2000\/svg\" viewBox=\"0 0 1000 100\" preserveAspectRatio=\"none\">\n\t<path class=\"elementor-shape-fill\" d=\"M421.9,6.5c22.6-2.5,51.5,0.4,75.5,5.3c23.6,4.9,70.9,23.5,100.5,35.7c75.8,32.2,133.7,44.5,192.6,49.7\n\tc23.6,2.1,48.7,3.5,103.4-2.5c54.7-6,106.2-25.6,106.2-25.6V0H0v30.3c0,0,72,32.6,158.4,30.5c39.2-0.7,92.8-6.7,134-22.4\n\tc21.2-8.1,52.2-18.2,79.7-24.2C399.3,7.9,411.6,7.5,421.9,6.5z\"\/>\n<\/svg>\t\t<\/div>\n\t\t<div class=\"elementor-element elementor-element-0677c2f e-con-full e-flex e-con e-child\" data-id=\"0677c2f\" data-element_type=\"container\" data-e-type=\"container\">\n\t\t\t\t<div class=\"elementor-element elementor-element-844bedc elementor-widget elementor-widget-heading\" data-id=\"844bedc\" data-element_type=\"widget\" data-e-type=\"widget\" data-widget_type=\"heading.default\">\n\t\t\t\t<div class=\"elementor-widget-container\">\n\t\t\t\t\t<h2 class=\"elementor-heading-title elementor-size-default\">Apprenez \u00e0 nous conna\u00eetre<\/h2>\t\t\t\t<\/div>\n\t\t\t\t<\/div>\n\t\t\t\t<div class=\"elementor-element elementor-element-137b9f2 elementor-widget elementor-widget-text-editor\" data-id=\"137b9f2\" data-element_type=\"widget\" data-e-type=\"widget\" data-widget_type=\"text-editor.default\">\n\t\t\t\t<div class=\"elementor-widget-container\">\n\t\t\t\t\t\t\t\t\t<p>D\u00e9couvrez notre large gamme de services et d&rsquo;expertise dans le domaine des travaux sous-marins de tout genre.<\/p>\n\t\t\t\t\t\t\t\t<\/div>\n\t\t\t\t<\/div>\n\t\t\t\t<div class=\"elementor-element elementor-element-b1e7fb0 elementor-button-info elementor-widget elementor-widget-button\" data-id=\"b1e7fb0\" data-element_type=\"widget\" data-e-type=\"widget\" data-widget_type=\"button.default\">\n\t\t\t\t<div class=\"elementor-widget-container\">\n\t\t\t\t\t\t\t\t\t<div class=\"elementor-button-wrapper\">\n\t\t\t\t\t<a class=\"elementor-button elementor-button-link elementor-size-sm\" href=\"https:\/\/beta.tauchunternehmung.ch\/fr\/services\/\">\n\t\t\t\t\t\t<span class=\"elementor-button-content-wrapper\">\n\t\t\t\t\t\t\t\t\t<span class=\"elementor-button-text\">Nos services<\/span>\n\t\t\t\t\t<\/span>\n\t\t\t\t\t<\/a>\n\t\t\t\t<\/div>\n\t\t\t\t\t\t\t\t<\/div>\n\t\t\t\t<\/div>\n\t\t\t\t<\/div>\n\t\t<div class=\"elementor-element elementor-element-824c442 e-con-full e-flex e-con e-child\" data-id=\"824c442\" data-element_type=\"container\" data-e-type=\"container\">\n\t\t\t\t<div class=\"elementor-element elementor-element-55a83b8 elementor-widget elementor-widget-image\" data-id=\"55a83b8\" data-element_type=\"widget\" data-e-type=\"widget\" data-settings=\"{&quot;motion_fx_translateY_effect&quot;:&quot;yes&quot;,&quot;motion_fx_translateY_speed&quot;:{&quot;unit&quot;:&quot;px&quot;,&quot;size&quot;:2,&quot;sizes&quot;:[]},&quot;motion_fx_motion_fx_scrolling&quot;:&quot;yes&quot;,&quot;motion_fx_translateY_affectedRange&quot;:{&quot;unit&quot;:&quot;%&quot;,&quot;size&quot;:&quot;&quot;,&quot;sizes&quot;:{&quot;start&quot;:0,&quot;end&quot;:100}},&quot;motion_fx_devices&quot;:[&quot;desktop&quot;,&quot;tablet&quot;,&quot;mobile&quot;]}\" data-widget_type=\"image.default\">\n\t\t\t\t<div class=\"elementor-widget-container\">\n\t\t\t\t\t\t\t\t\t\t\t\t\t\t\t<img decoding=\"async\" width=\"960\" height=\"960\" src=\"https:\/\/beta.tauchunternehmung.ch\/wp-content\/uploads\/2025\/01\/stephany_und_wild_ag_Bohren.jpg\" class=\"attachment-full size-full wp-image-462\" alt=\"Stephany + Wild AG, Basel | Bohren\" srcset=\"https:\/\/beta.tauchunternehmung.ch\/wp-content\/uploads\/2025\/01\/stephany_und_wild_ag_Bohren.jpg 960w, https:\/\/beta.tauchunternehmung.ch\/wp-content\/uploads\/2025\/01\/stephany_und_wild_ag_Bohren-300x300.jpg 300w, https:\/\/beta.tauchunternehmung.ch\/wp-content\/uploads\/2025\/01\/stephany_und_wild_ag_Bohren-150x150.jpg 150w, https:\/\/beta.tauchunternehmung.ch\/wp-content\/uploads\/2025\/01\/stephany_und_wild_ag_Bohren-768x768.jpg 768w\" sizes=\"(max-width: 960px) 100vw, 960px\" \/>\t\t\t\t\t\t\t\t\t\t\t\t\t\t\t<\/div>\n\t\t\t\t<\/div>\n\t\t\t\t<\/div>\n\t\t\t\t\t<\/div>\n\t\t\t\t<\/div>\n\t\t\t\t<\/div>\n\t\t","protected":false},"excerpt":{"rendered":"<p>Stephany + Wild AG | Travaux sous-marins depuis 1972<\/p>\n","protected":false},"author":1,"featured_media":82,"parent":0,"menu_order":0,"comment_status":"closed","ping_status":"open","template":"elementor_header_footer","meta":{"inline_featured_image":false,"_monsterinsights_skip_tracking":false,"_monsterinsights_sitenote_active":false,"_monsterinsights_sitenote_note":"","_monsterinsights_sitenote_category":0,"footnotes":""},"class_list":["post-415","page","type-page","status-publish","has-post-thumbnail","hentry"],"yoast_head":"<!-- This site is optimized with the Yoast SEO plugin v27.3 - https:\/\/yoast.com\/product\/yoast-seo-wordpress\/ -->\n<title>STEPHANY + Wild AG | Travaux sous-marins<\/title>\n<meta name=\"description\" content=\"Depuis 1972, la soci\u00e9t\u00e9 Stephany + Wild AG, B\u00e2le, est active dans le domaine des travaux sous-marins en Suisse et dans les pays voisins.\" \/>\n<meta name=\"robots\" content=\"noindex, follow, max-snippet:-1, max-image-preview:large, max-video-preview:-1\" \/>\n<meta property=\"og:locale\" content=\"fr_FR\" \/>\n<meta property=\"og:type\" content=\"article\" \/>\n<meta property=\"og:title\" content=\"STEPHANY + Wild AG | Travaux sous-marins\" \/>\n<meta property=\"og:description\" content=\"Depuis 1972, la soci\u00e9t\u00e9 Stephany + Wild AG, B\u00e2le, est active dans le domaine des travaux sous-marins en Suisse et dans les pays voisins.\" \/>\n<meta property=\"og:url\" content=\"https:\/\/beta.tauchunternehmung.ch\/fr\/\" \/>\n<meta property=\"og:site_name\" content=\"STEPHANY + Wild AG\" \/>\n<meta property=\"article:modified_time\" content=\"2025-01-16T10:42:18+00:00\" \/>\n<meta property=\"og:image\" content=\"https:\/\/beta.tauchunternehmung.ch\/wp-content\/uploads\/2025\/01\/stephany_und_wild_ag_unterwassertaucharbeiten-1-1024x538.jpg\" \/>\n<meta name=\"twitter:card\" content=\"summary_large_image\" \/>\n<meta name=\"twitter:title\" content=\"STEPHANY + Wild AG | Travaux sous-marins\" \/>\n<meta name=\"twitter:description\" content=\"Depuis 1972, la soci\u00e9t\u00e9 Stephany + Wild AG, B\u00e2le, est active dans le domaine des travaux sous-marins en Suisse et dans les pays voisins.\" \/>\n<meta name=\"twitter:image\" content=\"https:\/\/beta.tauchunternehmung.ch\/wp-content\/uploads\/2025\/01\/stephany_und_wild_ag_unterwassertaucharbeiten-1-1024x538.jpg\" \/>\n<script type=\"application\/ld+json\" class=\"yoast-schema-graph\">{\"@context\":\"https:\\\/\\\/schema.org\",\"@graph\":[{\"@type\":\"WebPage\",\"@id\":\"https:\\\/\\\/beta.tauchunternehmung.ch\\\/fr\\\/\",\"url\":\"https:\\\/\\\/beta.tauchunternehmung.ch\\\/fr\\\/\",\"name\":\"STEPHANY + Wild AG | Travaux sous-marins\",\"isPartOf\":{\"@id\":\"https:\\\/\\\/beta.tauchunternehmung.ch\\\/fr\\\/#website\"},\"primaryImageOfPage\":{\"@id\":\"https:\\\/\\\/beta.tauchunternehmung.ch\\\/fr\\\/#primaryimage\"},\"image\":{\"@id\":\"https:\\\/\\\/beta.tauchunternehmung.ch\\\/fr\\\/#primaryimage\"},\"thumbnailUrl\":\"https:\\\/\\\/beta.tauchunternehmung.ch\\\/wp-content\\\/uploads\\\/2025\\\/01\\\/stephany_und_wild_ag_unterwassertaucharbeiten-1.jpg\",\"datePublished\":\"2025-01-15T13:43:04+00:00\",\"dateModified\":\"2025-01-16T10:42:18+00:00\",\"description\":\"Depuis 1972, la soci\u00e9t\u00e9 Stephany + Wild AG, B\u00e2le, est active dans le domaine des travaux sous-marins en Suisse et dans les pays voisins.\",\"breadcrumb\":{\"@id\":\"https:\\\/\\\/beta.tauchunternehmung.ch\\\/fr\\\/#breadcrumb\"},\"inLanguage\":\"fr-FR\",\"potentialAction\":[{\"@type\":\"ReadAction\",\"target\":[\"https:\\\/\\\/beta.tauchunternehmung.ch\\\/fr\\\/\"]}]},{\"@type\":\"ImageObject\",\"inLanguage\":\"fr-FR\",\"@id\":\"https:\\\/\\\/beta.tauchunternehmung.ch\\\/fr\\\/#primaryimage\",\"url\":\"https:\\\/\\\/beta.tauchunternehmung.ch\\\/wp-content\\\/uploads\\\/2025\\\/01\\\/stephany_und_wild_ag_unterwassertaucharbeiten-1.jpg\",\"contentUrl\":\"https:\\\/\\\/beta.tauchunternehmung.ch\\\/wp-content\\\/uploads\\\/2025\\\/01\\\/stephany_und_wild_ag_unterwassertaucharbeiten-1.jpg\",\"width\":1200,\"height\":630,\"caption\":\"Seit 1972 ist die Firma Stephany + Wild AG, Basel, in der Schweiz und im benachbarten Ausland mit Unterwassertaucharbeiten t\u00e4tig\"},{\"@type\":\"BreadcrumbList\",\"@id\":\"https:\\\/\\\/beta.tauchunternehmung.ch\\\/fr\\\/#breadcrumb\",\"itemListElement\":[{\"@type\":\"ListItem\",\"position\":1,\"name\":\"Startseite\",\"item\":\"https:\\\/\\\/beta.tauchunternehmung.ch\\\/fr\\\/stephany-wild-ag-2\\\/\"},{\"@type\":\"ListItem\",\"position\":2,\"name\":\"STEPHANY + Wild AG\"}]},{\"@type\":\"WebSite\",\"@id\":\"https:\\\/\\\/beta.tauchunternehmung.ch\\\/fr\\\/#website\",\"url\":\"https:\\\/\\\/beta.tauchunternehmung.ch\\\/fr\\\/\",\"name\":\"STEPHANY + Wild AG\",\"description\":\"Unterwassertaucharbeiten\",\"publisher\":{\"@id\":\"https:\\\/\\\/beta.tauchunternehmung.ch\\\/fr\\\/#organization\"},\"potentialAction\":[{\"@type\":\"SearchAction\",\"target\":{\"@type\":\"EntryPoint\",\"urlTemplate\":\"https:\\\/\\\/beta.tauchunternehmung.ch\\\/fr\\\/?s={search_term_string}\"},\"query-input\":{\"@type\":\"PropertyValueSpecification\",\"valueRequired\":true,\"valueName\":\"search_term_string\"}}],\"inLanguage\":\"fr-FR\"},{\"@type\":\"Organization\",\"@id\":\"https:\\\/\\\/beta.tauchunternehmung.ch\\\/fr\\\/#organization\",\"name\":\"STEPHANY + Wild AG\",\"url\":\"https:\\\/\\\/beta.tauchunternehmung.ch\\\/fr\\\/\",\"logo\":{\"@type\":\"ImageObject\",\"inLanguage\":\"fr-FR\",\"@id\":\"https:\\\/\\\/beta.tauchunternehmung.ch\\\/fr\\\/#\\\/schema\\\/logo\\\/image\\\/\",\"url\":\"https:\\\/\\\/beta.tauchunternehmung.ch\\\/wp-content\\\/uploads\\\/2024\\\/12\\\/stephany_und_wild_ag_icon_negativ_512x512px.jpg\",\"contentUrl\":\"https:\\\/\\\/beta.tauchunternehmung.ch\\\/wp-content\\\/uploads\\\/2024\\\/12\\\/stephany_und_wild_ag_icon_negativ_512x512px.jpg\",\"width\":512,\"height\":512,\"caption\":\"STEPHANY + Wild AG\"},\"image\":{\"@id\":\"https:\\\/\\\/beta.tauchunternehmung.ch\\\/fr\\\/#\\\/schema\\\/logo\\\/image\\\/\"}}]}<\/script>\n<!-- \/ Yoast SEO plugin. -->","yoast_head_json":{"title":"STEPHANY + Wild AG | Travaux sous-marins","description":"Depuis 1972, la soci\u00e9t\u00e9 Stephany + Wild AG, B\u00e2le, est active dans le domaine des travaux sous-marins en Suisse et dans les pays voisins.","robots":{"index":"noindex","follow":"follow","max-snippet":"max-snippet:-1","max-image-preview":"max-image-preview:large","max-video-preview":"max-video-preview:-1"},"og_locale":"fr_FR","og_type":"article","og_title":"STEPHANY + Wild AG | Travaux sous-marins","og_description":"Depuis 1972, la soci\u00e9t\u00e9 Stephany + Wild AG, B\u00e2le, est active dans le domaine des travaux sous-marins en Suisse et dans les pays voisins.","og_url":"https:\/\/beta.tauchunternehmung.ch\/fr\/","og_site_name":"STEPHANY + Wild AG","article_modified_time":"2025-01-16T10:42:18+00:00","og_image":[{"url":"https:\/\/beta.tauchunternehmung.ch\/wp-content\/uploads\/2025\/01\/stephany_und_wild_ag_unterwassertaucharbeiten-1-1024x538.jpg","type":"","width":"","height":""}],"twitter_card":"summary_large_image","twitter_title":"STEPHANY + Wild AG | Travaux sous-marins","twitter_description":"Depuis 1972, la soci\u00e9t\u00e9 Stephany + Wild AG, B\u00e2le, est active dans le domaine des travaux sous-marins en Suisse et dans les pays voisins.","twitter_image":"https:\/\/beta.tauchunternehmung.ch\/wp-content\/uploads\/2025\/01\/stephany_und_wild_ag_unterwassertaucharbeiten-1-1024x538.jpg","schema":{"@context":"https:\/\/schema.org","@graph":[{"@type":"WebPage","@id":"https:\/\/beta.tauchunternehmung.ch\/fr\/","url":"https:\/\/beta.tauchunternehmung.ch\/fr\/","name":"STEPHANY + Wild AG | Travaux sous-marins","isPartOf":{"@id":"https:\/\/beta.tauchunternehmung.ch\/fr\/#website"},"primaryImageOfPage":{"@id":"https:\/\/beta.tauchunternehmung.ch\/fr\/#primaryimage"},"image":{"@id":"https:\/\/beta.tauchunternehmung.ch\/fr\/#primaryimage"},"thumbnailUrl":"https:\/\/beta.tauchunternehmung.ch\/wp-content\/uploads\/2025\/01\/stephany_und_wild_ag_unterwassertaucharbeiten-1.jpg","datePublished":"2025-01-15T13:43:04+00:00","dateModified":"2025-01-16T10:42:18+00:00","description":"Depuis 1972, la soci\u00e9t\u00e9 Stephany + Wild AG, B\u00e2le, est active dans le domaine des travaux sous-marins en Suisse et dans les pays voisins.","breadcrumb":{"@id":"https:\/\/beta.tauchunternehmung.ch\/fr\/#breadcrumb"},"inLanguage":"fr-FR","potentialAction":[{"@type":"ReadAction","target":["https:\/\/beta.tauchunternehmung.ch\/fr\/"]}]},{"@type":"ImageObject","inLanguage":"fr-FR","@id":"https:\/\/beta.tauchunternehmung.ch\/fr\/#primaryimage","url":"https:\/\/beta.tauchunternehmung.ch\/wp-content\/uploads\/2025\/01\/stephany_und_wild_ag_unterwassertaucharbeiten-1.jpg","contentUrl":"https:\/\/beta.tauchunternehmung.ch\/wp-content\/uploads\/2025\/01\/stephany_und_wild_ag_unterwassertaucharbeiten-1.jpg","width":1200,"height":630,"caption":"Seit 1972 ist die Firma Stephany + Wild AG, Basel, in der Schweiz und im benachbarten Ausland mit Unterwassertaucharbeiten t\u00e4tig"},{"@type":"BreadcrumbList","@id":"https:\/\/beta.tauchunternehmung.ch\/fr\/#breadcrumb","itemListElement":[{"@type":"ListItem","position":1,"name":"Startseite","item":"https:\/\/beta.tauchunternehmung.ch\/fr\/stephany-wild-ag-2\/"},{"@type":"ListItem","position":2,"name":"STEPHANY + Wild AG"}]},{"@type":"WebSite","@id":"https:\/\/beta.tauchunternehmung.ch\/fr\/#website","url":"https:\/\/beta.tauchunternehmung.ch\/fr\/","name":"STEPHANY + Wild AG","description":"Unterwassertaucharbeiten","publisher":{"@id":"https:\/\/beta.tauchunternehmung.ch\/fr\/#organization"},"potentialAction":[{"@type":"SearchAction","target":{"@type":"EntryPoint","urlTemplate":"https:\/\/beta.tauchunternehmung.ch\/fr\/?s={search_term_string}"},"query-input":{"@type":"PropertyValueSpecification","valueRequired":true,"valueName":"search_term_string"}}],"inLanguage":"fr-FR"},{"@type":"Organization","@id":"https:\/\/beta.tauchunternehmung.ch\/fr\/#organization","name":"STEPHANY + Wild AG","url":"https:\/\/beta.tauchunternehmung.ch\/fr\/","logo":{"@type":"ImageObject","inLanguage":"fr-FR","@id":"https:\/\/beta.tauchunternehmung.ch\/fr\/#\/schema\/logo\/image\/","url":"https:\/\/beta.tauchunternehmung.ch\/wp-content\/uploads\/2024\/12\/stephany_und_wild_ag_icon_negativ_512x512px.jpg","contentUrl":"https:\/\/beta.tauchunternehmung.ch\/wp-content\/uploads\/2024\/12\/stephany_und_wild_ag_icon_negativ_512x512px.jpg","width":512,"height":512,"caption":"STEPHANY + Wild AG"},"image":{"@id":"https:\/\/beta.tauchunternehmung.ch\/fr\/#\/schema\/logo\/image\/"}}]}},"_links":{"self":[{"href":"https:\/\/beta.tauchunternehmung.ch\/fr\/wp-json\/wp\/v2\/pages\/415","targetHints":{"allow":["GET"]}}],"collection":[{"href":"https:\/\/beta.tauchunternehmung.ch\/fr\/wp-json\/wp\/v2\/pages"}],"about":[{"href":"https:\/\/beta.tauchunternehmung.ch\/fr\/wp-json\/wp\/v2\/types\/page"}],"author":[{"embeddable":true,"href":"https:\/\/beta.tauchunternehmung.ch\/fr\/wp-json\/wp\/v2\/users\/1"}],"replies":[{"embeddable":true,"href":"https:\/\/beta.tauchunternehmung.ch\/fr\/wp-json\/wp\/v2\/comments?post=415"}],"version-history":[{"count":10,"href":"https:\/\/beta.tauchunternehmung.ch\/fr\/wp-json\/wp\/v2\/pages\/415\/revisions"}],"predecessor-version":[{"id":521,"href":"https:\/\/beta.tauchunternehmung.ch\/fr\/wp-json\/wp\/v2\/pages\/415\/revisions\/521"}],"wp:featuredmedia":[{"embeddable":true,"href":"https:\/\/beta.tauchunternehmung.ch\/fr\/wp-json\/wp\/v2\/media\/82"}],"wp:attachment":[{"href":"https:\/\/beta.tauchunternehmung.ch\/fr\/wp-json\/wp\/v2\/media?parent=415"}],"curies":[{"name":"wp","href":"https:\/\/api.w.org\/{rel}","templated":true}]}}